
  {"id":1231,"date":"2019-01-21T08:37:06","date_gmt":"2019-01-21T08:37:06","guid":{"rendered":"https:\/\/handex.cl\/index.php\/about-us\/"},"modified":"2024-12-12T13:53:08","modified_gmt":"2024-12-12T13:53:08","slug":"about-us","status":"publish","type":"page","link":"https:\/\/handex.cl\/index.php\/about-us\/","title":{"rendered":"Sobre Handex"},"content":{"rendered":"<section class=\"wpb-content-wrapper\"><p>[vc_row equal_height=&#8221;yes&#8221; content_placement=&#8221;bottom&#8221; css=&#8221;.vc_custom_1733983972630{padding-bottom: 100px !important;}&#8221;][vc_column width=&#8221;5\/12&#8243;]<style>.htmegavc_section_title_69e1fa20a9385.heading-style-2 i{font-size:}.htmegavc_section_title_69e1fa20a9385.heading-style-2 i{color:}<\/style><div class=\"htmegavc_section_title_69e1fa20a9385   heading-style-2 text-right poss_relative right-icon htmegavc-heading\"><h2 class=\"heading-2\" style=\"\">Acerca de Handex<\/h2><p class=\"subtitle\" style=\"\">Handex es una empresa de transporte especializada en env\u00edos de carga mar\u00edtima a\u00e9rea o terrestre, tanto nacional como internacional<\/p><\/div>[\/vc_column][vc_column width=&#8221;7\/12&#8243;][vc_single_image image=&#8221;3441&#8243; img_size=&#8221;large&#8221;][\/vc_column][\/vc_row][vc_row][vc_column][vc_column_text]<\/p>\n<p style=\"text-align: center;\">Handex es una empresa l\u00edder en log\u00edstica internacional, especializada en el transporte de carga mar\u00edtima, a\u00e9rea y terrestre, tanto a nivel nacional como internacional. Nuestro enfoque se basa en el principio de tratar a nuestros clientes como nos gustar\u00eda ser tratados, lo que refleja uno de nuestros valores fundamentales: la\u00a0<strong>calidad del servicio<\/strong>\u00a0y la\u00a0<strong>atenci\u00f3n personalizada<\/strong>.<\/p>\n<p>[\/vc_column_text][vc_column_text]<\/p>\n<p style=\"text-align: center;\">Consideramos el transporte de mercanc\u00edas no solo como un simple movimiento de carga, sino como una contribuci\u00f3n esencial al crecimiento econ\u00f3mico de las regiones y pa\u00edses en los que operamos. Con m\u00e1s de 30 a\u00f1os de experiencia en el sector, hemos desarrollado una red de sucursales estrat\u00e9gicamente ubicadas en ciudades clave de Am\u00e9rica del Sur, lo que nos permite ofrecer un servicio eficiente y adaptado a las necesidades del mercado. En Handex, estamos comprometidos con la excelencia y la responsabilidad, trabajando constantemente para superar las expectativas de nuestros clientes y contribuir al desarrollo econ\u00f3mico mediante soluciones log\u00edsticas efectivas.<\/p>\n<p>[\/vc_column_text][\/vc_column][\/vc_row][vc_row full_width=&#8221;stretch_row_content&#8221; css=&#8221;.vc_custom_1549453219564{background-color: #2b357b !important;}&#8221;][vc_column][vc_empty_space][vc_custom_heading text=&#8221;Handex no solo mueve mercanc\u00edas, sino que impulsa el crecimiento econ\u00f3mico y conecta el mundo.&#8221; font_container=&#8221;tag:h1|text_align:center|color:%23ffffff&#8221; use_theme_fonts=&#8221;yes&#8221;][vc_row_inner equal_height=&#8221;yes&#8221;][vc_column_inner width=&#8221;1\/3&#8243; add_hover_bg=&#8221;1&#8243; vc_column_bg_color=&#8221;#353f8b&#8221; add_right_line=&#8221;1&#8243; vc_column_right_line_color=&#8221;#353f8b&#8221; css=&#8221;.vc_custom_1549462923791{padding-right: 100px !important;padding-left: 100px !important;}&#8221;][vc_single_image image=&#8221;3519&#8243; alignment=&#8221;right&#8221;][vc_custom_heading text=&#8221;Transporte Mar\u00edtimo&#8221; font_container=&#8221;tag:h2|text_align:right|color:%23ffffff&#8221; use_theme_fonts=&#8221;yes&#8221;][\/vc_column_inner][vc_column_inner width=&#8221;1\/3&#8243; add_hover_bg=&#8221;1&#8243; vc_column_bg_color=&#8221;#353f8b&#8221; add_right_line=&#8221;1&#8243; vc_column_right_line_color=&#8221;#353f8b&#8221; css=&#8221;.vc_custom_1549462946321{padding-right: 100px !important;padding-left: 100px !important;}&#8221;][vc_single_image image=&#8221;3518&#8243; alignment=&#8221;center&#8221;][vc_custom_heading text=&#8221;Transporte A\u00e9reo&#8221; font_container=&#8221;tag:h2|text_align:center|color:%23ffffff&#8221; use_theme_fonts=&#8221;yes&#8221;][\/vc_column_inner][vc_column_inner width=&#8221;1\/3&#8243; add_hover_bg=&#8221;1&#8243; vc_column_bg_color=&#8221;rgba(47,57,133,0.7)&#8221; css=&#8221;.vc_custom_1549453489609{padding-right: 100px !important;padding-left: 100px !important;}&#8221;][vc_single_image image=&#8221;3517&#8243;][vc_custom_heading text=&#8221;Transporte Terrestre&#8221; font_container=&#8221;tag:h2|text_align:left|color:%23ffffff&#8221; use_theme_fonts=&#8221;yes&#8221;][\/vc_column_inner][\/vc_row_inner][vc_empty_space][\/vc_column][\/vc_row][vc_row][vc_column width=&#8221;1\/2&#8243;][vc_single_image image=&#8221;3362&#8243; img_size=&#8221;full&#8221; alignment=&#8221;right&#8221;][\/vc_column][vc_column width=&#8221;1\/2&#8243;][vc_column_text]Nuestra misi\u00f3n principal es ofrece soluciones log\u00edsticas cualitativas, confiables, rentables, innovadoras y sostenibles para nuestros clientes.<\/p>\n<p>Handex ofrece log\u00edstica integrada de cargas enviadas por un medio de transporte a\u00e9reo, mar\u00edtimo y terrestres para su entrega a los destinos de todo el mundo. Entendemos el transporte como un medio para construir una cadena de suministro efectiva con la combinaci\u00f3n \u00f3ptima de tarifa y el tiempo de entrega. En cooperaci\u00f3n con las principales l\u00edneas navieras, realizamos env\u00edos de carga en contenedores, hacia y desde Chile[\/vc_column_text][\/vc_column][\/vc_row][vc_row][vc_column][vc_column_text]<\/p>\n<p style=\"text-align: center;\">En Handex, creemos que cada env\u00edo es una oportunidad para construir relaciones s\u00f3lidas y duraderas. Nuestro compromiso con la excelencia en el servicio, la atenci\u00f3n personalizada y la responsabilidad social nos distingue en el sector de la log\u00edstica internacional. A medida que continuamos expandiendo nuestras operaciones y mejorando nuestras soluciones log\u00edsticas, invitamos a nuestros clientes a ser parte de este viaje. Juntos, podemos superar fronteras y alcanzar nuevas metas, asegurando que cada carga no solo llegue a su destino, sino que tambi\u00e9n contribuya al desarrollo econ\u00f3mico de nuestra regi\u00f3n y del mundo.<\/p>\n<p style=\"text-align: center;\">\u00a1Gracias por confiar en Handex, donde su carga es nuestra prioridad!<br \/>\n<img loading=\"lazy\" decoding=\"async\" class=\"size-full wp-image-1304 aligncenter\" src=\"https:\/\/handex.cl\/wp-content\/uploads\/2019\/01\/7_2-1.jpg\" alt=\"\" width=\"1520\" height=\"1080\" srcset=\"https:\/\/handex.cl\/wp-content\/uploads\/2019\/01\/7_2-1.jpg 1520w, https:\/\/handex.cl\/wp-content\/uploads\/2019\/01\/7_2-1-300x213.jpg 300w, https:\/\/handex.cl\/wp-content\/uploads\/2019\/01\/7_2-1-1024x728.jpg 1024w, https:\/\/handex.cl\/wp-content\/uploads\/2019\/01\/7_2-1-768x546.jpg 768w\" sizes=\"(max-width: 1520px) 100vw, 1520px\" \/><\/p>\n<p>[\/vc_column_text][\/vc_column][\/vc_row]<\/p>\n<\/section>","protected":false},"excerpt":{"rendered":"<p>[vc_row equal_height=&#8221;yes&#8221; content_placement=&#8221;bottom&#8221; css=&#8221;.vc_custom_1733983972630{padding-bottom: 100px !important;}&#8221;][vc_column width=&#8221;5\/12&#8243;][\/vc_column][vc_column width=&#8221;7\/12&#8243;][vc_single_image image=&#8221;3441&#8243; img_size=&#8221;large&#8221;][\/vc_column][\/vc_row][vc_row][vc_column][vc_column_text] Handex es una empresa l\u00edder en log\u00edstica internacional, especializada en el transporte de carga mar\u00edtima, a\u00e9rea y terrestre, tanto a nivel nacional como internacional. Nuestro enfoque se basa en el principio de tratar a nuestros clientes como nos gustar\u00eda ser tratados, lo que refleja uno [&hellip;]<\/p>\n","protected":false},"author":1,"featured_media":0,"parent":0,"menu_order":0,"comment_status":"closed","ping_status":"closed","template":"templates\/page-builder-template.php","meta":{"_monsterinsights_skip_tracking":false,"_monsterinsights_sitenote_active":false,"_monsterinsights_sitenote_note":"","_monsterinsights_sitenote_category":0,"footnotes":""},"class_list":["post-1231","page","type-page","status-publish","hentry"],"aioseo_notices":[],"_links":{"self":[{"href":"https:\/\/handex.cl\/index.php\/wp-json\/wp\/v2\/pages\/1231"}],"collection":[{"href":"https:\/\/handex.cl\/index.php\/wp-json\/wp\/v2\/pages"}],"about":[{"href":"https:\/\/handex.cl\/index.php\/wp-json\/wp\/v2\/types\/page"}],"author":[{"embeddable":true,"href":"https:\/\/handex.cl\/index.php\/wp-json\/wp\/v2\/users\/1"}],"replies":[{"embeddable":true,"href":"https:\/\/handex.cl\/index.php\/wp-json\/wp\/v2\/comments?post=1231"}],"version-history":[{"count":14,"href":"https:\/\/handex.cl\/index.php\/wp-json\/wp\/v2\/pages\/1231\/revisions"}],"predecessor-version":[{"id":3521,"href":"https:\/\/handex.cl\/index.php\/wp-json\/wp\/v2\/pages\/1231\/revisions\/3521"}],"wp:attachment":[{"href":"https:\/\/handex.cl\/index.php\/wp-json\/wp\/v2\/media?parent=1231"}],"curies":[{"name":"wp","href":"https:\/\/api.w.org\/{rel}","templated":true}]}}