{"id":1354,"date":"2019-01-22T11:31:28","date_gmt":"2019-01-22T11:31:28","guid":{"rendered":"https:\/\/handex.cl\/index.php\/our-services\/"},"modified":"2024-12-12T14:21:47","modified_gmt":"2024-12-12T14:21:47","slug":"servicios","status":"publish","type":"page","link":"https:\/\/handex.cl\/index.php\/servicios\/","title":{"rendered":"Servicios"},"content":{"rendered":"<section class=\"wpb-content-wrapper\"><p>[vc_row content_placement=&#8221;bottom&#8221;][vc_column bg_image_position=&#8221;center_center&#8221;][vc_custom_heading text=&#8221;Conoce nuestros servicios&#8221; font_container=&#8221;tag:h1|text_align:right&#8221; use_theme_fonts=&#8221;yes&#8221;][\/vc_column][\/vc_row][vc_row][vc_column][vc_empty_space height=&#8221;40px&#8221;][\/vc_column][\/vc_row][vc_row content_placement=&#8221;bottom&#8221;][vc_column][vc_row_inner content_placement=&#8221;bottom&#8221;][vc_column_inner width=&#8221;1\/2&#8243;][vc_column_text]Handex se ha convertido en un proveedor l\u00edder y confiable de la regi\u00f3n, ofrecemos un servicio integral \u00a0de distribuci\u00f3n y soluciones de gesti\u00f3n de la cadena de suministro y log\u00edstica nacional e internacional.<\/p>\n<p>Contamos con personal con un conocimiento profundo de estas industrias y los requisitos subyacentes de la cadena de suministro y log\u00edstica, lo que nos permite ofrecer soluciones eficientes y confiables adaptadas a las necesidades de nuestros clientes[\/vc_column_text][\/vc_column_inner][vc_column_inner width=&#8221;1\/2&#8243;][vc_single_image image=&#8221;3327&#8243; img_size=&#8221;large&#8221;][\/vc_column_inner][\/vc_row_inner][\/vc_column][\/vc_row][vc_row full_width=&#8221;stretch_row&#8221; equal_height=&#8221;yes&#8221; disable_element=&#8221;yes&#8221; add_layers=&#8221;1&#8243; extra_layer_pos=&#8221;right&#8221; extra_layer_size=&#8221;cover&#8221; extra_layer_position=&#8221;center center&#8221; css=&#8221;.vc_custom_1679499776673{background-color: #2f3985 !important;}&#8221; cws_layer_image=&#8221;3365&#8243; extra_layer_width=&#8221;56%&#8221; extra_layer_height=&#8221;100%&#8221;][vc_column width=&#8221;5\/12&#8243; css=&#8221;.vc_custom_1548160073919{padding-right: 130px !important;}&#8221;][\/vc_column][vc_column width=&#8221;7\/12&#8243;][vc_single_image image=&#8221;3365&#8243; img_size=&#8221;largo&#8221;][\/vc_column][\/vc_row][vc_row full_width=&#8221;stretch_row_content&#8221; full_height=&#8221;yes&#8221; equal_height=&#8221;yes&#8221; content_placement=&#8221;middle&#8221; css=&#8221;.vc_custom_1679497061662{margin-bottom: -200px !important;}&#8221;][vc_column width=&#8221;5\/12&#8243; bg_image_position=&#8221;right_top&#8221; css=&#8221;.vc_custom_1679496888821{padding-right: 0px !important;padding-left: 0px !important;background-color: #1e73be !important;}&#8221;][vc_row_inner css=&#8221;.vc_custom_1679490831410{padding-right: 0px !important;padding-left: 0px !important;}&#8221;][vc_column_inner width=&#8221;1\/2&#8243;][\/vc_column_inner][vc_column_inner width=&#8221;1\/2&#8243;][vc_column_text][cws_sc_spacing height=&#8221;60px&#8221;][cws_sc_services title_pos=&#8221;beside&#8221; icon_font_size=&#8221;56px&#8221; customize_colors=&#8221;1&#8243; icon_color=&#8221;#20a0eb&#8221; divider_color=&#8221;&#8221; title_color=&#8221;#ffffff&#8221; desc_font_color=&#8221;#ffffff&#8221; size_i=&#8221;30px&#8221; custom_title_color=&#8221;#ffffff&#8221; custom_font_color=&#8221;#fefeff&#8221; title=&#8221;NACIONAL&#8221; url=&#8221;#&#8221;][\/cws_sc_services][cws_sc_spacing height=&#8221;60px&#8221;][cws_sc_services title_pos=&#8221;beside&#8221; icon_font_size=&#8221;36px&#8221; customize_colors=&#8221;1&#8243; icon_color=&#8221;#20a0eb&#8221; divider_color=&#8221;&#8221; title_color=&#8221;#ffffff&#8221; desc_font_color=&#8221;#ffffff&#8221; size_i=&#8221;30px&#8221; custom_title_color=&#8221;#ffffff&#8221; custom_font_color=&#8221;#fefeff&#8221; title=&#8221;Transportes Terrestre Nacional Zona Norte&#8221; url=&#8221;#&#8221;]Servicio Cami\u00f3n furg\u00f3n-Cerrado completo y\/o Cargas consolidadas desde y hacia IQQ \/ Santiago e intermedios.[\/cws_sc_services][cws_sc_spacing height=&#8221;30px&#8221;][cws_sc_services title_pos=&#8221;beside&#8221; icon_font_size=&#8221;36px&#8221; customize_colors=&#8221;1&#8243; icon_color=&#8221;#20a0eb&#8221; divider_color=&#8221;&#8221; title_color=&#8221;#ffffff&#8221; desc_font_color=&#8221;#ffffff&#8221; size_i=&#8221;30px&#8221; custom_title_color=&#8221;#ffffff&#8221; custom_font_color=&#8221;#fefeff&#8221; title=&#8221;Transportes terrestre Nacional desde puerto&#8221; url=&#8221;#&#8221;]Entrega o retiros desde almacenes extraportuarios en Zona Central y puertos de San Antonio \/ Valpara\u00edso para cargas consolidadas\u00a0 (camiones cerrados) y porta contenedores 20\/40.[\/cws_sc_services][cws_sc_spacing height=&#8221;30px&#8221;][cws_sc_services title_pos=&#8221;beside&#8221; icon_font_size=&#8221;36px&#8221; customize_colors=&#8221;1&#8243; icon_color=&#8221;#20a0eb&#8221; divider_color=&#8221;&#8221; title_color=&#8221;#ffffff&#8221; desc_font_color=&#8221;#ffffff&#8221; size_i=&#8221;30px&#8221; custom_title_color=&#8221;#ffffff&#8221; custom_font_color=&#8221;#fefeff&#8221; title=&#8221;Transportes terrestre Locales &#8211; Santiago&#8221; url=&#8221;#&#8221;]Servicio de retiro y entrega de cargas consolidadas o cami\u00f3n completo en todo Santiago, en camiones cerrados.[\/cws_sc_services][cws_sc_spacing height=&#8221;30px&#8221;][cws_sc_services title_pos=&#8221;beside&#8221; icon_font_size=&#8221;36px&#8221; customize_colors=&#8221;1&#8243; icon_color=&#8221;#20a0eb&#8221; divider_color=&#8221;&#8221; title_color=&#8221;#ffffff&#8221; desc_font_color=&#8221;#ffffff&#8221; size_i=&#8221;30px&#8221; custom_title_color=&#8221;#ffffff&#8221; custom_font_color=&#8221;#fefeff&#8221; title=&#8221;Transporte y Servicio cami\u00f3n Self lifter para cont.20 &amp; 40&#8243; url=&#8221;#&#8221;]Cami\u00f3n rampa equipado con gr\u00faa incorporada para la maniobra de contenedores cargados y\/o vac\u00edos, (get out -get in y traslados).[\/cws_sc_services][cws_sc_spacing height=&#8221;115px&#8221;][\/vc_column_text][\/vc_column_inner][\/vc_row_inner][\/vc_column][vc_column width=&#8221;7\/12&#8243; bg_cws_repeat=&#8221;no-repeat&#8221; css=&#8221;.vc_custom_1679490823171{padding-right: 0px !important;padding-left: 0px !important;}&#8221;][vc_column_text]\r\n        <div class='html5_video_players' style=\"width:100%;\" data-nonce=\"2c6af0191b\" data-attributes=\"{&quot;options&quot;:{&quot;controls&quot;:[&quot;play-large&quot;,&quot;play&quot;,&quot;progress&quot;,&quot;current-time&quot;,&quot;mute&quot;,&quot;volume&quot;,&quot;captions&quot;,&quot;settings&quot;,&quot;fullscreen&quot;],&quot;tooltips&quot;:{&quot;controls&quot;:true,&quot;seek&quot;:true},&quot;seekTime&quot;:10,&quot;loop&quot;:{&quot;active&quot;:true},&quot;autoplay&quot;:true,&quot;muted&quot;:true,&quot;hideControls&quot;:true,&quot;resetOnEnd&quot;:false,&quot;captions&quot;:{&quot;active&quot;:true,&quot;language&quot;:&quot;auto&quot;,&quot;update&quot;:false},&quot;ratio&quot;:null,&quot;speed&quot;:{&quot;selected&quot;:1,&quot;options&quot;:[&quot;0.5&quot;,&quot;0.75&quot;,1,&quot;1.25&quot;,&quot;1.5&quot;,&quot;1.75&quot;,2,&quot;2.5&quot;,3]},&quot;storage&quot;:{&quot;enabled&quot;:true},&quot;urls&quot;:{&quot;download&quot;:null},&quot;markers&quot;:{&quot;enabled&quot;:false,&quot;points&quot;:[]},&quot;ads&quot;:{&quot;enabled&quot;:false},&quot;disablePause&quot;:false},&quot;additionalID&quot;:&quot;&quot;,&quot;features&quot;:{&quot;overlay&quot;:{&quot;enabled&quot;:false,&quot;items&quot;:[{&quot;color&quot;:&quot;#ffffff&quot;,&quot;hoverColor&quot;:&quot;#ffffff&quot;,&quot;fontSize&quot;:&quot;20px&quot;,&quot;link&quot;:&quot;#&quot;,&quot;logo&quot;:false,&quot;position&quot;:&quot;top_right&quot;,&quot;text&quot;:false,&quot;type&quot;:&quot;logo&quot;,&quot;backgroundColor&quot;:&quot;#333&quot;,&quot;opacity&quot;:0.8}]},&quot;sticky&quot;:{&quot;enabled&quot;:false,&quot;position&quot;:&quot;top_right&quot;},&quot;chapters&quot;:[],&quot;watermark&quot;:[],&quot;thumbInPause&quot;:{&quot;enabled&quot;:false,&quot;type&quot;:&quot;default&quot;},&quot;endScreen&quot;:{&quot;enabled&quot;:false,&quot;text&quot;:&quot;Endscreen text&quot;,&quot;btnText&quot;:&quot;Watch Again&quot;,&quot;btnLink&quot;:&quot;#&quot;},&quot;popup&quot;:{&quot;enabled&quot;:false,&quot;selector&quot;:false,&quot;hasBtn&quot;:false,&quot;type&quot;:&quot;poster&quot;,&quot;btnText&quot;:&quot;Watch Video&quot;,&quot;btnStyle&quot;:{&quot;color&quot;:&quot;#fff&quot;,&quot;backgroundColor&quot;:&quot;#006BA1&quot;,&quot;fontSize&quot;:&quot;16px&quot;,&quot;padding&quot;:{&quot;top&quot;:&quot;10px&quot;,&quot;right&quot;:&quot;20px&quot;,&quot;bottom&quot;:&quot;10px&quot;,&quot;left&quot;:&quot;20px&quot;},&quot;align&quot;:&quot;center&quot;}},&quot;hideLoadingPlaceholder&quot;:false},&quot;data&quot;:[],&quot;propagans&quot;:false,&quot;customDownloadURL&quot;:false,&quot;captionEnabled&quot;:false,&quot;disableDownload&quot;:false,&quot;disablePause&quot;:false,&quot;startTime&quot;:0,&quot;thumbInPause&quot;:false,&quot;thumbStyle&quot;:&quot;default&quot;,&quot;autoplayWhenVisible&quot;:false,&quot;saveState&quot;:true,&quot;protected&quot;:false,&quot;captions&quot;:[{&quot;label&quot;:&quot;label&quot;,&quot;caption_file&quot;:&quot;&quot;}],&quot;qualities&quot;:[],&quot;source&quot;:&quot;http:\\\/\\\/handex.cl\\\/wp-content\\\/uploads\\\/2023\\\/03\\\/production-ID_5171156.mp4&quot;,&quot;poster&quot;:false,&quot;hideYoutubeUI&quot;:false,&quot;branding&quot;:{&quot;enabled&quot;:false,&quot;color&quot;:&quot;#ffffff&quot;}}\">\r\n            <div class=\"preload_poster\" style=\"background: url();background-position: 50% 50%;overflow:hidden;aspect-ratio:\">\r\n                <svg width=\"36px\" height=\"36px\" viewBox=\"0 0 15 15\" fill=\"none\" xmlns=\"http:\/\/www.w3.org\/2000\/svg\">\r\n                    <path d=\"M4.79062 2.09314C4.63821 1.98427 4.43774 1.96972 4.27121 2.05542C4.10467 2.14112 4 2.31271 4 2.5V12.5C4 12.6873 4.10467 12.8589 4.27121 12.9446C4.43774 13.0303 4.63821 13.0157 4.79062 12.9069L11.7906 7.90687C11.922 7.81301 12 7.66148 12 7.5C12 7.33853 11.922 7.18699 11.7906 7.09314L4.79062 2.09314Z\" fill=\"#fff\"\/>\r\n                <\/svg>\r\n            <\/div>\r\n        <\/div>\r\n        [\/vc_column_text][\/vc_column][\/vc_row][vc_row full_width=&#8221;stretch_row_content&#8221; equal_height=&#8221;yes&#8221; content_placement=&#8221;middle&#8221; css=&#8221;.vc_custom_1679500197268{margin-bottom: -200px !important;}&#8221;][vc_column width=&#8221;7\/12&#8243; bg_cws_repeat=&#8221;no-repeat&#8221; bg_image_position=&#8221;right_top&#8221; css=&#8221;.vc_custom_1679499941798{padding-right: 0px !important;padding-left: 0px !important;}&#8221;][vc_column_text]\r\n        <div class='html5_video_players' style=\"width:100%;\" data-nonce=\"2c6af0191b\" data-attributes=\"{&quot;options&quot;:{&quot;controls&quot;:[&quot;play-large&quot;,&quot;play&quot;,&quot;progress&quot;,&quot;current-time&quot;,&quot;mute&quot;,&quot;volume&quot;,&quot;captions&quot;,&quot;settings&quot;,&quot;fullscreen&quot;],&quot;tooltips&quot;:{&quot;controls&quot;:true,&quot;seek&quot;:true},&quot;seekTime&quot;:10,&quot;loop&quot;:{&quot;active&quot;:true},&quot;autoplay&quot;:true,&quot;muted&quot;:true,&quot;hideControls&quot;:true,&quot;resetOnEnd&quot;:false,&quot;captions&quot;:{&quot;active&quot;:true,&quot;language&quot;:&quot;auto&quot;,&quot;update&quot;:false},&quot;ratio&quot;:null,&quot;speed&quot;:{&quot;selected&quot;:1,&quot;options&quot;:[&quot;0.5&quot;,&quot;0.75&quot;,1,&quot;1.25&quot;,&quot;1.5&quot;,&quot;1.75&quot;,2,&quot;2.5&quot;,3]},&quot;storage&quot;:{&quot;enabled&quot;:true},&quot;urls&quot;:{&quot;download&quot;:null},&quot;markers&quot;:{&quot;enabled&quot;:false,&quot;points&quot;:[]},&quot;ads&quot;:{&quot;enabled&quot;:false},&quot;disablePause&quot;:false},&quot;additionalID&quot;:&quot;&quot;,&quot;features&quot;:{&quot;overlay&quot;:{&quot;enabled&quot;:false,&quot;items&quot;:[{&quot;color&quot;:&quot;#ffffff&quot;,&quot;hoverColor&quot;:&quot;#ffffff&quot;,&quot;fontSize&quot;:&quot;20px&quot;,&quot;link&quot;:&quot;#&quot;,&quot;logo&quot;:false,&quot;position&quot;:&quot;top_right&quot;,&quot;text&quot;:false,&quot;type&quot;:&quot;logo&quot;,&quot;backgroundColor&quot;:&quot;#333&quot;,&quot;opacity&quot;:0.8}]},&quot;sticky&quot;:{&quot;enabled&quot;:false,&quot;position&quot;:&quot;top_right&quot;},&quot;chapters&quot;:[],&quot;watermark&quot;:[],&quot;thumbInPause&quot;:{&quot;enabled&quot;:false,&quot;type&quot;:&quot;default&quot;},&quot;endScreen&quot;:{&quot;enabled&quot;:false,&quot;text&quot;:&quot;Endscreen text&quot;,&quot;btnText&quot;:&quot;Watch Again&quot;,&quot;btnLink&quot;:&quot;#&quot;},&quot;popup&quot;:{&quot;enabled&quot;:false,&quot;selector&quot;:false,&quot;hasBtn&quot;:false,&quot;type&quot;:&quot;poster&quot;,&quot;btnText&quot;:&quot;Watch Video&quot;,&quot;btnStyle&quot;:{&quot;color&quot;:&quot;#fff&quot;,&quot;backgroundColor&quot;:&quot;#006BA1&quot;,&quot;fontSize&quot;:&quot;16px&quot;,&quot;padding&quot;:{&quot;top&quot;:&quot;10px&quot;,&quot;right&quot;:&quot;20px&quot;,&quot;bottom&quot;:&quot;10px&quot;,&quot;left&quot;:&quot;20px&quot;},&quot;align&quot;:&quot;center&quot;}},&quot;hideLoadingPlaceholder&quot;:false},&quot;data&quot;:[],&quot;propagans&quot;:false,&quot;customDownloadURL&quot;:false,&quot;captionEnabled&quot;:false,&quot;disableDownload&quot;:false,&quot;disablePause&quot;:false,&quot;startTime&quot;:0,&quot;thumbInPause&quot;:false,&quot;thumbStyle&quot;:&quot;default&quot;,&quot;autoplayWhenVisible&quot;:false,&quot;saveState&quot;:true,&quot;protected&quot;:false,&quot;captions&quot;:[{&quot;label&quot;:&quot;label&quot;,&quot;caption_file&quot;:&quot;&quot;}],&quot;qualities&quot;:[],&quot;source&quot;:&quot;http:\\\/\\\/handex.cl\\\/wp-content\\\/uploads\\\/2023\\\/03\\\/cef76f72.mp4&quot;,&quot;poster&quot;:false,&quot;hideYoutubeUI&quot;:false,&quot;branding&quot;:{&quot;enabled&quot;:false,&quot;color&quot;:&quot;#ffffff&quot;}}\">\r\n            <div class=\"preload_poster\" style=\"background: url();background-position: 50% 50%;overflow:hidden;aspect-ratio:\">\r\n                <svg width=\"36px\" height=\"36px\" viewBox=\"0 0 15 15\" fill=\"none\" xmlns=\"http:\/\/www.w3.org\/2000\/svg\">\r\n                    <path d=\"M4.79062 2.09314C4.63821 1.98427 4.43774 1.96972 4.27121 2.05542C4.10467 2.14112 4 2.31271 4 2.5V12.5C4 12.6873 4.10467 12.8589 4.27121 12.9446C4.43774 13.0303 4.63821 13.0157 4.79062 12.9069L11.7906 7.90687C11.922 7.81301 12 7.66148 12 7.5C12 7.33853 11.922 7.18699 11.7906 7.09314L4.79062 2.09314Z\" fill=\"#fff\"\/>\r\n                <\/svg>\r\n            <\/div>\r\n        <\/div>\r\n        [\/vc_column_text][\/vc_column][vc_column width=&#8221;5\/12&#8243; bg_cws_repeat=&#8221;no-repeat&#8221; css=&#8221;.vc_custom_1679497172556{padding-right: 0px !important;padding-bottom: 0px !important;padding-left: 0px !important;background-color: #1e73be !important;}&#8221;][vc_row_inner equal_height=&#8221;yes&#8221; content_placement=&#8221;middle&#8221; css=&#8221;.vc_custom_1679500017885{padding-right: 0px !important;padding-left: 0px !important;}&#8221;][vc_column_inner width=&#8221;1\/2&#8243; css=&#8221;.vc_custom_1679496971655{padding-right: 0px !important;padding-left: 0px !important;}&#8221;][vc_column_text][cws_sc_spacing height=&#8221;60px&#8221;][cws_sc_services title_pos=&#8221;beside&#8221; icon_font_size=&#8221;56px&#8221; customize_colors=&#8221;1&#8243; icon_color=&#8221;#20a0eb&#8221; divider_color=&#8221;&#8221; title_color=&#8221;#ffffff&#8221; desc_font_color=&#8221;#ffffff&#8221; size_i=&#8221;30px&#8221; custom_title_color=&#8221;#ffffff&#8221; custom_font_color=&#8221;#fefeff&#8221; title=&#8221;INTERNACIONAL&#8221; url=&#8221;#&#8221;][\/cws_sc_services][cws_sc_spacing height=&#8221;60px&#8221;][cws_sc_services title_pos=&#8221;beside&#8221; icon_font_size=&#8221;36px&#8221; customize_colors=&#8221;1&#8243; icon_color=&#8221;#20a0eb&#8221; divider_color=&#8221;&#8221; title_color=&#8221;#ffffff&#8221; desc_font_color=&#8221;#ffffff&#8221; size_i=&#8221;30px&#8221; custom_title_color=&#8221;#ffffff&#8221; custom_font_color=&#8221;#fefeff&#8221; title=&#8221;Transportes Mar\u00edtimos &amp; A\u00e9reos para Cargas de importaci\u00f3n&#8221; url=&#8221;#&#8221;]Servicio corretaje de transportes para cargas consolidadas Mar\u00edtimo LCL &amp; A\u00e9reo , desde China , EEUU y Europa. Para lo cual contamos con una red de agentes colaboradores NVOCC y transportes en el extranjero que nos permiten manejar de manera directa la movilizaci\u00f3n de sus cargas reduciendo costos por manejos de agentes intermediarios y tiempos muertos en tareas administrativas redundantes.[\/cws_sc_services][cws_sc_spacing height=&#8221;30px&#8221;][cws_sc_services title_pos=&#8221;beside&#8221; icon_font_size=&#8221;36px&#8221; customize_colors=&#8221;1&#8243; icon_color=&#8221;#20a0eb&#8221; divider_color=&#8221;&#8221; title_color=&#8221;#ffffff&#8221; desc_font_color=&#8221;#ffffff&#8221; size_i=&#8221;30px&#8221; custom_title_color=&#8221;#ffffff&#8221; custom_font_color=&#8221;#fefeff&#8221; title=&#8221;Asesor\u00edas en comercio exterior&#8221; url=&#8221;#&#8221;]Tramitaci\u00f3n de la documentaci\u00f3n de importaci\u00f3n incluyendo agencia de aduana y coordinaci\u00f3n de la importaci\u00f3n desde el inicio de la compra hasta la entrega satisfactoria en sus bodegas.[\/cws_sc_services][cws_sc_spacing height=&#8221;115px&#8221;][\/vc_column_text][\/vc_column_inner][vc_column_inner width=&#8221;1\/2&#8243;][\/vc_column_inner][\/vc_row_inner][\/vc_column][\/vc_row][vc_row full_width=&#8221;stretch_row_content_no_spaces&#8221; disable_element=&#8221;yes&#8221; bg_cws_repeat=&#8221;no-repeat&#8221; bg_cws_size=&#8221;cover&#8221; bg_image_position=&#8221;center_top&#8221; css=&#8221;.vc_custom_1679499897874{background-image: url(https:\/\/handex.cl\/wp-content\/uploads\/2019\/02\/5_hover-1.jpg?id=2299) !important;}&#8221;][vc_column width=&#8221;1\/4&#8243;][vc_column_text][cws_sc_benefits add_button=&#8221;1&#8243; subtitle_note=&#8221;01&#8243; title=&#8221;Capetown showcase&#8221; description=&#8221;Lorem ipsum dolor sit amet, consectetur adipicing elit, sed do eiusmod tempor incididunt ut labore et dolore magna aliq enim ad minim veniam, quis nostrud exercitation.&#8221; block_size=&#8221;930&#8243; block_size_mob=&#8221;500&#8243; button_url=&#8221;#&#8221; button_link=&#8221;Read More&#8221;][\/vc_column_text][\/vc_column][vc_column width=&#8221;1\/4&#8243;][vc_column_text][cws_sc_benefits add_button=&#8221;1&#8243; subtitle_note=&#8221;02&#8243; title=&#8221;Consectetur&#8221; description=&#8221;Lorem ipsum dolor sit amet, consectetur adipicing elit, sed do eiusmod tempor incididunt ut labore et dolore magna aliq enim ad minim veniam, quis nostrud exercitation.&#8221; block_size=&#8221;930&#8243; block_size_mob=&#8221;500&#8243; button_url=&#8221;#&#8221; button_link=&#8221;Read More&#8221;][\/vc_column_text][\/vc_column][vc_column width=&#8221;1\/4&#8243;][vc_column_text][cws_sc_benefits add_button=&#8221;1&#8243; subtitle_note=&#8221;03&#8243; title=&#8221;Doha structure&#8221; description=&#8221;Lorem ipsum dolor sit amet, consectetur adipicing elit, sed do eiusmod tempor incididunt ut labore et dolore magna aliq enim ad minim veniam, quis nostrud exercitation.&#8221; block_size=&#8221;930&#8243; block_size_mob=&#8221;500&#8243; button_url=&#8221;#&#8221; button_link=&#8221;Read More&#8221;][\/vc_column_text][\/vc_column][vc_column width=&#8221;1\/4&#8243;][vc_column_text][cws_sc_benefits add_button=&#8221;1&#8243; subtitle_note=&#8221;04&#8243; title=&#8221;Business Consultancy Corporate&#8221; description=&#8221;Lorem ipsum dolor sit amet, consectetur adipicing elit, sed do eiusmod tempor incididunt ut labore et dolore magna aliq enim ad minim veniam, quis nostrud exercitation.&#8221; block_size=&#8221;930&#8243; block_size_mob=&#8221;500&#8243; button_url=&#8221;#&#8221; button_link=&#8221;Read More&#8221;][\/vc_column_text][\/vc_column][\/vc_row][vc_row disable_element=&#8221;yes&#8221;][vc_column][vc_column_text][cws_sc_spacing height=&#8221;130px&#8221;][cws_sc_quote icon_fontawesome=&#8221;fa fa-quote-left&#8221; customize_icon_size=&#8221;1&#8243; rating=&#8221;4&#8243; info=&#8221;%5B%7B%22title%22%3A%22clients%22%2C%22count%22%3A%22140%22%7D%2C%7B%22title%22%3A%22Projects%22%2C%22count%22%3A%22290%22%7D%5D&#8221; author_name=&#8221;Bradley B. Wood&#8221; quote_text=&#8221;They have great service, quality products and we trust them. We value a local relationship and the impact it has on our community.&#8221; image=&#8221;79&#8243;][cws_sc_spacing height=&#8221;100px&#8221;][\/vc_column_text][\/vc_column][\/vc_row][vc_row full_width=&#8221;stretch_row&#8221; equal_height=&#8221;yes&#8221; disable_element=&#8221;yes&#8221; css=&#8221;.vc_custom_1679499842181{background-color: #ecf2f5 !important;}&#8221;][vc_column][vc_row_inner][vc_column_inner width=&#8221;7\/12&#8243;][cws_sc_aside_heading add_outline_bg=&#8221;1&#8243; title=&#8221;BLOG&#8221;][\/vc_column_inner][vc_column_inner width=&#8221;5\/12&#8243;][vc_column_text]<img loading=\"lazy\" decoding=\"async\" class=\"wp-image-1938 size-full aligncenter\" src=\"https:\/\/handex.cl\/wp-content\/uploads\/2019\/01\/14_new-1.jpg\" alt=\"\" width=\"660\" height=\"1000\" srcset=\"https:\/\/handex.cl\/wp-content\/uploads\/2019\/01\/14_new-1.jpg 660w, https:\/\/handex.cl\/wp-content\/uploads\/2019\/01\/14_new-1-198x300.jpg 198w\" sizes=\"(max-width: 660px) 100vw, 660px\" \/>[\/vc_column_text][\/vc_column_inner][\/vc_row_inner][\/vc_column][\/vc_row][vc_row disable_element=&#8221;yes&#8221;][vc_column width=&#8221;1\/2&#8243;][vc_column_text][cws_sc_spacing height=&#8221;50px&#8221;][cws_sc_button icon_lib=&#8221;cws_flaticons&#8221; icon_cws_flaticons=&#8221;flaticon-arrows-1&#8243; font_color=&#8221;#178fd6&#8243; font_color_hover=&#8221;#ffffff&#8221; background_color=&#8221;&#8221; background_color_hover=&#8221;#178fd6&#8243; border_color=&#8221;#dae7ed&#8221; border_color_hover=&#8221;#178fd6&#8243; title=&#8221;ALL POSTS&#8221; url=&#8221;#&#8221;][cws_sc_spacing height=&#8221;130px&#8221; responsive_es=&#8221;true&#8221; height_size_sm_desctop=&#8221;130&#8243; height_tablet=&#8221;100&#8243; height_mobile=&#8221;50&#8243;][\/vc_column_text][\/vc_column][vc_column width=&#8221;1\/2&#8243;][\/vc_column][\/vc_row][vc_row full_width=&#8221;stretch_row&#8221; disable_element=&#8221;yes&#8221; add_layers=&#8221;1&#8243; extra_layer_size=&#8221;cover&#8221; extra_layer_position=&#8221;right bottom&#8221; css=&#8221;.vc_custom_1679499852320{background-color: #2f3985 !important;}&#8221; cws_layer_image=&#8221;1943&#8243; extra_layer_width=&#8221;46.67%&#8221; extra_layer_height=&#8221;100%&#8221;][vc_column][vc_row_inner][vc_column_inner width=&#8221;1\/2&#8243;][vc_column_text][cws_sc_spacing height=&#8221;363px&#8221; responsive_es=&#8221;true&#8221; height_size_sm_desctop=&#8221;363&#8243; height_tablet=&#8221;300&#8243; height_mobile=&#8221;20&#8243;][\/vc_column_text][\/vc_column_inner][vc_column_inner width=&#8221;1\/2&#8243;]\n<div class=\"wpcf7 no-js\" id=\"wpcf7-f2316-o1\" lang=\"en-US\" dir=\"ltr\">\n<div class=\"screen-reader-response\"><p role=\"status\" aria-live=\"polite\" aria-atomic=\"true\"><\/p> <ul><\/ul><\/div>\n<form action=\"\/index.php\/wp-json\/wp\/v2\/pages\/1354#wpcf7-f2316-o1\" method=\"post\" class=\"wpcf7-form init\" aria-label=\"Contact form\" novalidate=\"novalidate\" data-status=\"init\">\n<div style=\"display: none;\">\n<input type=\"hidden\" name=\"_wpcf7\" value=\"2316\" \/>\n<input type=\"hidden\" name=\"_wpcf7_version\" value=\"5.9.8\" \/>\n<input type=\"hidden\" name=\"_wpcf7_locale\" value=\"en_US\" \/>\n<input type=\"hidden\" name=\"_wpcf7_unit_tag\" value=\"wpcf7-f2316-o1\" \/>\n<input type=\"hidden\" name=\"_wpcf7_container_post\" value=\"0\" \/>\n<input type=\"hidden\" name=\"_wpcf7_posted_data_hash\" value=\"\" \/>\n<input type=\"hidden\" name=\"_wpcf7_recaptcha_response\" value=\"\" \/>\n<\/div>\n<div class=\"default-subscribe-form\">\n\t<p><span class=\"wpcf7-form-control-wrap\" data-name=\"your-email\"><input size=\"40\" maxlength=\"400\" class=\"wpcf7-form-control wpcf7-email wpcf7-validates-as-required wpcf7-text wpcf7-validates-as-email\" aria-required=\"true\" aria-invalid=\"false\" placeholder=\"Your E-mail\" value=\"\" type=\"email\" name=\"your-email\" \/><\/span><br \/>\n<input class=\"wpcf7-form-control wpcf7-submit has-spinner\" type=\"submit\" value=\"Sign Me Up\" \/>\n\t<\/p>\n<\/div><div class=\"wpcf7-response-output\" aria-hidden=\"true\"><\/div>\n<\/form>\n<\/div>\n[\/vc_column_inner][\/vc_row_inner][\/vc_column][\/vc_row][vc_row][vc_column][vc_column_text][cws_sc_spacing height=&#8221;40px&#8221;][\/vc_column_text][\/vc_column][\/vc_row]<\/p>\n<\/section>","protected":false},"excerpt":{"rendered":"<p>[vc_row content_placement=&#8221;bottom&#8221;][vc_column bg_image_position=&#8221;center_center&#8221;][vc_custom_heading text=&#8221;Conoce nuestros servicios&#8221; font_container=&#8221;tag:h1|text_align:right&#8221; use_theme_fonts=&#8221;yes&#8221;][\/vc_column][\/vc_row][vc_row][vc_column][vc_empty_space height=&#8221;40px&#8221;][\/vc_column][\/vc_row][vc_row content_placement=&#8221;bottom&#8221;][vc_column][vc_row_inner content_placement=&#8221;bottom&#8221;][vc_column_inner width=&#8221;1\/2&#8243;][vc_column_text]Handex se ha convertido en un proveedor l\u00edder y confiable de la regi\u00f3n, ofrecemos un servicio integral \u00a0de distribuci\u00f3n y soluciones de gesti\u00f3n de la cadena de suministro y log\u00edstica nacional e internacional. Contamos con personal con un conocimiento profundo de estas industrias y [&hellip;]<\/p>\n","protected":false},"author":1,"featured_media":3322,"parent":0,"menu_order":0,"comment_status":"closed","ping_status":"closed","template":"","meta":{"_monsterinsights_skip_tracking":false,"_monsterinsights_sitenote_active":false,"_monsterinsights_sitenote_note":"","_monsterinsights_sitenote_category":0,"footnotes":""},"class_list":["post-1354","page","type-page","status-publish","has-post-thumbnail","hentry"],"aioseo_notices":[],"_links":{"self":[{"href":"https:\/\/handex.cl\/index.php\/wp-json\/wp\/v2\/pages\/1354"}],"collection":[{"href":"https:\/\/handex.cl\/index.php\/wp-json\/wp\/v2\/pages"}],"about":[{"href":"https:\/\/handex.cl\/index.php\/wp-json\/wp\/v2\/types\/page"}],"author":[{"embeddable":true,"href":"https:\/\/handex.cl\/index.php\/wp-json\/wp\/v2\/users\/1"}],"replies":[{"embeddable":true,"href":"https:\/\/handex.cl\/index.php\/wp-json\/wp\/v2\/comments?post=1354"}],"version-history":[{"count":38,"href":"https:\/\/handex.cl\/index.php\/wp-json\/wp\/v2\/pages\/1354\/revisions"}],"predecessor-version":[{"id":3522,"href":"https:\/\/handex.cl\/index.php\/wp-json\/wp\/v2\/pages\/1354\/revisions\/3522"}],"wp:featuredmedia":[{"embeddable":true,"href":"https:\/\/handex.cl\/index.php\/wp-json\/wp\/v2\/media\/3322"}],"wp:attachment":[{"href":"https:\/\/handex.cl\/index.php\/wp-json\/wp\/v2\/media?parent=1354"}],"curies":[{"name":"wp","href":"https:\/\/api.w.org\/{rel}","templated":true}]}}